{"id":101,"date":"2025-01-01T12:00:00","date_gmt":"2025-01-01T12:00:00","guid":{"rendered":"https:\/\/imsand.es\/?product=software-sensesphere"},"modified":"2026-05-13T21:51:46","modified_gmt":"2026-05-13T21:51:46","slug":"software-sensesphere","status":"publish","type":"product","link":"https:\/\/imsand.es\/?product=software-sensesphere","title":{"rendered":"Software SenseSphere \u2014 Licencia Anual imSand.es"},"content":{"rendered":"<h3>Software Educativo SenseSphere para imsand.es\/<\/h3>\n<p>Licencia anual del software educativo SenseSphere, dise\u00f1ado espec\u00edficamente para complementar la mesa de arena interactiva imsand.es\/.<\/p>\n<h4>Caracter\u00edsticas del software<\/h4>\n<ul>\n<li>M\u00e1s de 200 juegos y actividades educativas<\/li>\n<li>M\u00f3dulo de desarrollo de la lectura y escritura<\/li>\n<li>M\u00f3dulo de terapia del lenguaje<\/li>\n<li>Soporte multiling\u00fce (espa\u00f1ol, ingl\u00e9s, catal\u00e1n, euskera, gallego)<\/li>\n<li>Panel de seguimiento de progreso<\/li>\n<li>Actualizaciones autom\u00e1ticas incluidas<\/li>\n<li>Soporte t\u00e9cnico prioritario<\/li>\n<\/ul>\n<h4>Requisitos del sistema<\/h4>\n<ul>\n<li>Sistema operativo: Windows 10 o superior<\/li>\n<li>Procesador: Intel Core i3 o equivalente<\/li>\n<li>RAM: 4 GB m\u00ednimo (8 GB recomendado)<\/li>\n<li>Almacenamiento: 2 GB de espacio libre<\/li>\n<li>Conexi\u00f3n a Internet para activaci\u00f3n<\/li>\n<\/ul>\n","protected":false},"excerpt":{"rendered":"<p>Licencia anual del software educativo SenseSphere para la mesa de arena interactiva imsand.es\/. M\u00e1s de 200 actividades educativas y terap\u00e9uticas.<\/p>\n","protected":false},"featured_media":115,"comment_status":"open","ping_status":"closed","template":"","meta":[],"product_brand":[],"product_cat":[18],"product_tag":[],"class_list":{"0":"post-101","1":"product","2":"type-product","3":"status-publish","4":"has-post-thumbnail","6":"product_cat-software","8":"first","9":"instock","10":"downloadable","11":"virtual","12":"purchasable","13":"product-type-simple"},"yoast_head":"<!-- This site is optimized with the Yoast SEO plugin v27.6 - https:\/\/yoast.com\/product\/yoast-seo-wordpress\/ -->\n<title>Software SenseSphere \u2014 Licencia Anual imSand.es - Imsand<\/title>\n<meta name=\"robots\" content=\"index, follow, max-snippet:-1, max-image-preview:large, max-video-preview:-1\" \/>\n<link rel=\"canonical\" href=\"https:\/\/imsand.es\/?product=software-sensesphere\" \/>\n<meta property=\"og:locale\" content=\"es_ES\" \/>\n<meta property=\"og:type\" content=\"article\" \/>\n<meta property=\"og:title\" content=\"Software SenseSphere \u2014 Licencia Anual imSand.es - Imsand\" \/>\n<meta property=\"og:description\" content=\"Licencia anual del software educativo SenseSphere para la mesa de arena interactiva imsand.es\/. M\u00e1s de 200 actividades educativas y terap\u00e9uticas.\" \/>\n<meta property=\"og:url\" content=\"https:\/\/imsand.es\/?product=software-sensesphere\" \/>\n<meta property=\"og:site_name\" content=\"Imsand\" \/>\n<meta property=\"article:modified_time\" content=\"2026-05-13T21:51:46+00:00\" \/>\n<meta property=\"og:image\" content=\"https:\/\/imsand.es\/wp-content\/uploads\/2025\/01\/7a32b503-6b2c-4025-bd8b-cdfda80e68d5-scaled.jpg\" \/>\n\t<meta property=\"og:image:width\" content=\"1920\" \/>\n\t<meta property=\"og:image:height\" content=\"2560\" \/>\n\t<meta property=\"og:image:type\" content=\"image\/jpeg\" \/>\n<meta name=\"twitter:card\" content=\"summary_large_image\" \/>\n<meta name=\"twitter:label1\" content=\"Tiempo de lectura\" \/>\n\t<meta name=\"twitter:data1\" content=\"1 minuto\" \/>\n<script type=\"application\/ld+json\" class=\"yoast-schema-graph\">{\"@context\":\"https:\\\/\\\/schema.org\",\"@graph\":[{\"@type\":\"WebPage\",\"@id\":\"https:\\\/\\\/imsand.es\\\/?product=software-sensesphere\",\"url\":\"https:\\\/\\\/imsand.es\\\/?product=software-sensesphere\",\"name\":\"Software SenseSphere \u2014 Licencia Anual imSand.es - Imsand\",\"isPartOf\":{\"@id\":\"https:\\\/\\\/imsand.es\\\/#website\"},\"primaryImageOfPage\":{\"@id\":\"https:\\\/\\\/imsand.es\\\/?product=software-sensesphere#primaryimage\"},\"image\":{\"@id\":\"https:\\\/\\\/imsand.es\\\/?product=software-sensesphere#primaryimage\"},\"thumbnailUrl\":\"https:\\\/\\\/imsand.es\\\/wp-content\\\/uploads\\\/2025\\\/01\\\/7a32b503-6b2c-4025-bd8b-cdfda80e68d5-scaled.jpg\",\"datePublished\":\"2025-01-01T12:00:00+00:00\",\"dateModified\":\"2026-05-13T21:51:46+00:00\",\"breadcrumb\":{\"@id\":\"https:\\\/\\\/imsand.es\\\/?product=software-sensesphere#breadcrumb\"},\"inLanguage\":\"es\",\"potentialAction\":[{\"@type\":\"ReadAction\",\"target\":[\"https:\\\/\\\/imsand.es\\\/?product=software-sensesphere\"]}]},{\"@type\":\"ImageObject\",\"inLanguage\":\"es\",\"@id\":\"https:\\\/\\\/imsand.es\\\/?product=software-sensesphere#primaryimage\",\"url\":\"https:\\\/\\\/imsand.es\\\/wp-content\\\/uploads\\\/2025\\\/01\\\/7a32b503-6b2c-4025-bd8b-cdfda80e68d5-scaled.jpg\",\"contentUrl\":\"https:\\\/\\\/imsand.es\\\/wp-content\\\/uploads\\\/2025\\\/01\\\/7a32b503-6b2c-4025-bd8b-cdfda80e68d5-scaled.jpg\",\"width\":1920,\"height\":2560,\"caption\":\"software sensorial\"},{\"@type\":\"BreadcrumbList\",\"@id\":\"https:\\\/\\\/imsand.es\\\/?product=software-sensesphere#breadcrumb\",\"itemListElement\":[{\"@type\":\"ListItem\",\"position\":1,\"name\":\"Portada\",\"item\":\"https:\\\/\\\/imsand.es\\\/\"},{\"@type\":\"ListItem\",\"position\":2,\"name\":\"Tienda\",\"item\":\"https:\\\/\\\/imsand.es\\\/?page_id=5\"},{\"@type\":\"ListItem\",\"position\":3,\"name\":\"Software SenseSphere \u2014 Licencia Anual imSand.es\"}]},{\"@type\":\"WebSite\",\"@id\":\"https:\\\/\\\/imsand.es\\\/#website\",\"url\":\"https:\\\/\\\/imsand.es\\\/\",\"name\":\"Imsand\",\"description\":\"\",\"potentialAction\":[{\"@type\":\"SearchAction\",\"target\":{\"@type\":\"EntryPoint\",\"urlTemplate\":\"https:\\\/\\\/imsand.es\\\/?s={search_term_string}\"},\"query-input\":{\"@type\":\"PropertyValueSpecification\",\"valueRequired\":true,\"valueName\":\"search_term_string\"}}],\"inLanguage\":\"es\"}]}<\/script>\n<!-- \/ Yoast SEO plugin. -->","yoast_head_json":{"title":"Software SenseSphere \u2014 Licencia Anual imSand.es - Imsand","robots":{"index":"index","follow":"follow","max-snippet":"max-snippet:-1","max-image-preview":"max-image-preview:large","max-video-preview":"max-video-preview:-1"},"canonical":"https:\/\/imsand.es\/?product=software-sensesphere","og_locale":"es_ES","og_type":"article","og_title":"Software SenseSphere \u2014 Licencia Anual imSand.es - Imsand","og_description":"Licencia anual del software educativo SenseSphere para la mesa de arena interactiva imsand.es\/. M\u00e1s de 200 actividades educativas y terap\u00e9uticas.","og_url":"https:\/\/imsand.es\/?product=software-sensesphere","og_site_name":"Imsand","article_modified_time":"2026-05-13T21:51:46+00:00","og_image":[{"width":1920,"height":2560,"url":"https:\/\/imsand.es\/wp-content\/uploads\/2025\/01\/7a32b503-6b2c-4025-bd8b-cdfda80e68d5-scaled.jpg","type":"image\/jpeg"}],"twitter_card":"summary_large_image","twitter_misc":{"Tiempo de lectura":"1 minuto"},"schema":{"@context":"https:\/\/schema.org","@graph":[{"@type":"WebPage","@id":"https:\/\/imsand.es\/?product=software-sensesphere","url":"https:\/\/imsand.es\/?product=software-sensesphere","name":"Software SenseSphere \u2014 Licencia Anual imSand.es - Imsand","isPartOf":{"@id":"https:\/\/imsand.es\/#website"},"primaryImageOfPage":{"@id":"https:\/\/imsand.es\/?product=software-sensesphere#primaryimage"},"image":{"@id":"https:\/\/imsand.es\/?product=software-sensesphere#primaryimage"},"thumbnailUrl":"https:\/\/imsand.es\/wp-content\/uploads\/2025\/01\/7a32b503-6b2c-4025-bd8b-cdfda80e68d5-scaled.jpg","datePublished":"2025-01-01T12:00:00+00:00","dateModified":"2026-05-13T21:51:46+00:00","breadcrumb":{"@id":"https:\/\/imsand.es\/?product=software-sensesphere#breadcrumb"},"inLanguage":"es","potentialAction":[{"@type":"ReadAction","target":["https:\/\/imsand.es\/?product=software-sensesphere"]}]},{"@type":"ImageObject","inLanguage":"es","@id":"https:\/\/imsand.es\/?product=software-sensesphere#primaryimage","url":"https:\/\/imsand.es\/wp-content\/uploads\/2025\/01\/7a32b503-6b2c-4025-bd8b-cdfda80e68d5-scaled.jpg","contentUrl":"https:\/\/imsand.es\/wp-content\/uploads\/2025\/01\/7a32b503-6b2c-4025-bd8b-cdfda80e68d5-scaled.jpg","width":1920,"height":2560,"caption":"software sensorial"},{"@type":"BreadcrumbList","@id":"https:\/\/imsand.es\/?product=software-sensesphere#breadcrumb","itemListElement":[{"@type":"ListItem","position":1,"name":"Portada","item":"https:\/\/imsand.es\/"},{"@type":"ListItem","position":2,"name":"Tienda","item":"https:\/\/imsand.es\/?page_id=5"},{"@type":"ListItem","position":3,"name":"Software SenseSphere \u2014 Licencia Anual imSand.es"}]},{"@type":"WebSite","@id":"https:\/\/imsand.es\/#website","url":"https:\/\/imsand.es\/","name":"Imsand","description":"","potentialAction":[{"@type":"SearchAction","target":{"@type":"EntryPoint","urlTemplate":"https:\/\/imsand.es\/?s={search_term_string}"},"query-input":{"@type":"PropertyValueSpecification","valueRequired":true,"valueName":"search_term_string"}}],"inLanguage":"es"}]}},"jetpack_sharing_enabled":true,"_links":{"self":[{"href":"https:\/\/imsand.es\/index.php?rest_route=\/wp\/v2\/product\/101","targetHints":{"allow":["GET"]}}],"collection":[{"href":"https:\/\/imsand.es\/index.php?rest_route=\/wp\/v2\/product"}],"about":[{"href":"https:\/\/imsand.es\/index.php?rest_route=\/wp\/v2\/types\/product"}],"replies":[{"embeddable":true,"href":"https:\/\/imsand.es\/index.php?rest_route=%2Fwp%2Fv2%2Fcomments&post=101"}],"wp:featuredmedia":[{"embeddable":true,"href":"https:\/\/imsand.es\/index.php?rest_route=\/wp\/v2\/media\/115"}],"wp:attachment":[{"href":"https:\/\/imsand.es\/index.php?rest_route=%2Fwp%2Fv2%2Fmedia&parent=101"}],"wp:term":[{"taxonomy":"product_brand","embeddable":true,"href":"https:\/\/imsand.es\/index.php?rest_route=%2Fwp%2Fv2%2Fproduct_brand&post=101"},{"taxonomy":"product_cat","embeddable":true,"href":"https:\/\/imsand.es\/index.php?rest_route=%2Fwp%2Fv2%2Fproduct_cat&post=101"},{"taxonomy":"product_tag","embeddable":true,"href":"https:\/\/imsand.es\/index.php?rest_route=%2Fwp%2Fv2%2Fproduct_tag&post=101"}],"curies":[{"name":"wp","href":"https:\/\/api.w.org\/{rel}","templated":true}]}}