{"id":100,"date":"2025-01-01T12:00:00","date_gmt":"2025-01-01T12:00:00","guid":{"rendered":"https:\/\/imsand.es\/?product=imsand-estandar"},"modified":"2026-05-13T21:43:42","modified_gmt":"2026-05-13T21:43:42","slug":"imsand-estandar","status":"publish","type":"product","link":"https:\/\/imsand.es\/?product=imsand-estandar","title":{"rendered":"imSand.es Est\u00e1ndar \u2014 Mesa de Arena Interactiva"},"content":{"rendered":"<h3>La mesa de arena interactiva imsand.es\/ Est\u00e1ndar<\/h3>\n<p>La mesa de arena interactiva imsand.es\/ Est\u00e1ndar es la herramienta educativa y terap\u00e9utica m\u00e1s completa del mercado. Dise\u00f1ada para centros educativos, logopedas y terapeutas.<\/p>\n<h4>Caracter\u00edsticas t\u00e9cnicas<\/h4>\n<ul>\n<li>Mesa de madera de alta calidad con pantalla LCD integrada<\/li>\n<li>Software educativo SenseSphere incluido<\/li>\n<li>Juegos interactivos para el desarrollo del lenguaje<\/li>\n<li>Bloques de letras multiling\u00fce incluidos<\/li>\n<li>Tapa convertible para uso dual (arena \/ superficie plana)<\/li>\n<li>Compatibilidad con Windows 10\/11<\/li>\n<li>Garant\u00eda de 2 a\u00f1os<\/li>\n<\/ul>\n<h4>Contenido del paquete<\/h4>\n<ul>\n<li>1 Mesa de arena interactiva imsand.es\/<\/li>\n<li>1 Saco de arena interactiva (5 kg)<\/li>\n<li>1 Licencia de software SenseSphere (1 a\u00f1o)<\/li>\n<li>Set de bloques de letras (espa\u00f1ol e ingl\u00e9s)<\/li>\n<li>Tapa convertible<\/li>\n<li>Manual de usuario en espa\u00f1ol<\/li>\n<li>Acceso a formaci\u00f3n online para educadores<\/li>\n<\/ul>\n","protected":false},"excerpt":{"rendered":"<p>Mesa de Arena Interactiva imsand.es\/ Est\u00e1ndar &#8211; Herramienta educativa y terap\u00e9utica completa con software SenseSphere, bloques de letras y arena interactiva.<\/p>\n","protected":false},"featured_media":113,"comment_status":"open","ping_status":"closed","template":"","meta":[],"product_brand":[],"product_cat":[17],"product_tag":[],"class_list":{"0":"post-100","1":"product","2":"type-product","3":"status-publish","4":"has-post-thumbnail","6":"product_cat-mesas-interactivas","8":"first","9":"instock","10":"shipping-taxable","11":"purchasable","12":"product-type-simple"},"yoast_head":"<!-- This site is optimized with the Yoast SEO plugin v27.6 - https:\/\/yoast.com\/product\/yoast-seo-wordpress\/ -->\n<title>imSand.es Est\u00e1ndar \u2014 Mesa de Arena Interactiva - Imsand<\/title>\n<meta name=\"robots\" content=\"index, follow, max-snippet:-1, max-image-preview:large, max-video-preview:-1\" \/>\n<link rel=\"canonical\" href=\"https:\/\/imsand.es\/?product=imsand-estandar\" \/>\n<meta property=\"og:locale\" content=\"es_ES\" \/>\n<meta property=\"og:type\" content=\"article\" \/>\n<meta property=\"og:title\" content=\"imSand.es Est\u00e1ndar \u2014 Mesa de Arena Interactiva - Imsand\" \/>\n<meta property=\"og:description\" content=\"Mesa de Arena Interactiva imsand.es\/ Est\u00e1ndar - Herramienta educativa y terap\u00e9utica completa con software SenseSphere, bloques de letras y arena interactiva.\" \/>\n<meta property=\"og:url\" content=\"https:\/\/imsand.es\/?product=imsand-estandar\" \/>\n<meta property=\"og:site_name\" content=\"Imsand\" \/>\n<meta property=\"article:modified_time\" content=\"2026-05-13T21:43:42+00:00\" \/>\n<meta property=\"og:image\" content=\"https:\/\/imsand.es\/wp-content\/uploads\/2025\/01\/imsand-foto.webp\" \/>\n\t<meta property=\"og:image:width\" content=\"1708\" \/>\n\t<meta property=\"og:image:height\" content=\"1708\" \/>\n\t<meta property=\"og:image:type\" content=\"image\/webp\" \/>\n<meta name=\"twitter:card\" content=\"summary_large_image\" \/>\n<meta name=\"twitter:label1\" content=\"Tiempo de lectura\" \/>\n\t<meta name=\"twitter:data1\" content=\"1 minuto\" \/>\n<script type=\"application\/ld+json\" class=\"yoast-schema-graph\">{\"@context\":\"https:\\\/\\\/schema.org\",\"@graph\":[{\"@type\":\"WebPage\",\"@id\":\"https:\\\/\\\/imsand.es\\\/?product=imsand-estandar\",\"url\":\"https:\\\/\\\/imsand.es\\\/?product=imsand-estandar\",\"name\":\"imSand.es Est\u00e1ndar \u2014 Mesa de Arena Interactiva - Imsand\",\"isPartOf\":{\"@id\":\"https:\\\/\\\/imsand.es\\\/#website\"},\"primaryImageOfPage\":{\"@id\":\"https:\\\/\\\/imsand.es\\\/?product=imsand-estandar#primaryimage\"},\"image\":{\"@id\":\"https:\\\/\\\/imsand.es\\\/?product=imsand-estandar#primaryimage\"},\"thumbnailUrl\":\"https:\\\/\\\/imsand.es\\\/wp-content\\\/uploads\\\/2025\\\/01\\\/imsand-foto.webp\",\"datePublished\":\"2025-01-01T12:00:00+00:00\",\"dateModified\":\"2026-05-13T21:43:42+00:00\",\"breadcrumb\":{\"@id\":\"https:\\\/\\\/imsand.es\\\/?product=imsand-estandar#breadcrumb\"},\"inLanguage\":\"es\",\"potentialAction\":[{\"@type\":\"ReadAction\",\"target\":[\"https:\\\/\\\/imsand.es\\\/?product=imsand-estandar\"]}]},{\"@type\":\"ImageObject\",\"inLanguage\":\"es\",\"@id\":\"https:\\\/\\\/imsand.es\\\/?product=imsand-estandar#primaryimage\",\"url\":\"https:\\\/\\\/imsand.es\\\/wp-content\\\/uploads\\\/2025\\\/01\\\/imsand-foto.webp\",\"contentUrl\":\"https:\\\/\\\/imsand.es\\\/wp-content\\\/uploads\\\/2025\\\/01\\\/imsand-foto.webp\",\"width\":1708,\"height\":1708,\"caption\":\"imsand foto\"},{\"@type\":\"BreadcrumbList\",\"@id\":\"https:\\\/\\\/imsand.es\\\/?product=imsand-estandar#breadcrumb\",\"itemListElement\":[{\"@type\":\"ListItem\",\"position\":1,\"name\":\"Portada\",\"item\":\"https:\\\/\\\/imsand.es\\\/\"},{\"@type\":\"ListItem\",\"position\":2,\"name\":\"Tienda\",\"item\":\"https:\\\/\\\/imsand.es\\\/?page_id=5\"},{\"@type\":\"ListItem\",\"position\":3,\"name\":\"imSand.es Est\u00e1ndar \u2014 Mesa de Arena Interactiva\"}]},{\"@type\":\"WebSite\",\"@id\":\"https:\\\/\\\/imsand.es\\\/#website\",\"url\":\"https:\\\/\\\/imsand.es\\\/\",\"name\":\"Imsand\",\"description\":\"\",\"potentialAction\":[{\"@type\":\"SearchAction\",\"target\":{\"@type\":\"EntryPoint\",\"urlTemplate\":\"https:\\\/\\\/imsand.es\\\/?s={search_term_string}\"},\"query-input\":{\"@type\":\"PropertyValueSpecification\",\"valueRequired\":true,\"valueName\":\"search_term_string\"}}],\"inLanguage\":\"es\"}]}<\/script>\n<!-- \/ Yoast SEO plugin. -->","yoast_head_json":{"title":"imSand.es Est\u00e1ndar \u2014 Mesa de Arena Interactiva - Imsand","robots":{"index":"index","follow":"follow","max-snippet":"max-snippet:-1","max-image-preview":"max-image-preview:large","max-video-preview":"max-video-preview:-1"},"canonical":"https:\/\/imsand.es\/?product=imsand-estandar","og_locale":"es_ES","og_type":"article","og_title":"imSand.es Est\u00e1ndar \u2014 Mesa de Arena Interactiva - Imsand","og_description":"Mesa de Arena Interactiva imsand.es\/ Est\u00e1ndar - Herramienta educativa y terap\u00e9utica completa con software SenseSphere, bloques de letras y arena interactiva.","og_url":"https:\/\/imsand.es\/?product=imsand-estandar","og_site_name":"Imsand","article_modified_time":"2026-05-13T21:43:42+00:00","og_image":[{"width":1708,"height":1708,"url":"https:\/\/imsand.es\/wp-content\/uploads\/2025\/01\/imsand-foto.webp","type":"image\/webp"}],"twitter_card":"summary_large_image","twitter_misc":{"Tiempo de lectura":"1 minuto"},"schema":{"@context":"https:\/\/schema.org","@graph":[{"@type":"WebPage","@id":"https:\/\/imsand.es\/?product=imsand-estandar","url":"https:\/\/imsand.es\/?product=imsand-estandar","name":"imSand.es Est\u00e1ndar \u2014 Mesa de Arena Interactiva - Imsand","isPartOf":{"@id":"https:\/\/imsand.es\/#website"},"primaryImageOfPage":{"@id":"https:\/\/imsand.es\/?product=imsand-estandar#primaryimage"},"image":{"@id":"https:\/\/imsand.es\/?product=imsand-estandar#primaryimage"},"thumbnailUrl":"https:\/\/imsand.es\/wp-content\/uploads\/2025\/01\/imsand-foto.webp","datePublished":"2025-01-01T12:00:00+00:00","dateModified":"2026-05-13T21:43:42+00:00","breadcrumb":{"@id":"https:\/\/imsand.es\/?product=imsand-estandar#breadcrumb"},"inLanguage":"es","potentialAction":[{"@type":"ReadAction","target":["https:\/\/imsand.es\/?product=imsand-estandar"]}]},{"@type":"ImageObject","inLanguage":"es","@id":"https:\/\/imsand.es\/?product=imsand-estandar#primaryimage","url":"https:\/\/imsand.es\/wp-content\/uploads\/2025\/01\/imsand-foto.webp","contentUrl":"https:\/\/imsand.es\/wp-content\/uploads\/2025\/01\/imsand-foto.webp","width":1708,"height":1708,"caption":"imsand foto"},{"@type":"BreadcrumbList","@id":"https:\/\/imsand.es\/?product=imsand-estandar#breadcrumb","itemListElement":[{"@type":"ListItem","position":1,"name":"Portada","item":"https:\/\/imsand.es\/"},{"@type":"ListItem","position":2,"name":"Tienda","item":"https:\/\/imsand.es\/?page_id=5"},{"@type":"ListItem","position":3,"name":"imSand.es Est\u00e1ndar \u2014 Mesa de Arena Interactiva"}]},{"@type":"WebSite","@id":"https:\/\/imsand.es\/#website","url":"https:\/\/imsand.es\/","name":"Imsand","description":"","potentialAction":[{"@type":"SearchAction","target":{"@type":"EntryPoint","urlTemplate":"https:\/\/imsand.es\/?s={search_term_string}"},"query-input":{"@type":"PropertyValueSpecification","valueRequired":true,"valueName":"search_term_string"}}],"inLanguage":"es"}]}},"jetpack_sharing_enabled":true,"_links":{"self":[{"href":"https:\/\/imsand.es\/index.php?rest_route=\/wp\/v2\/product\/100","targetHints":{"allow":["GET"]}}],"collection":[{"href":"https:\/\/imsand.es\/index.php?rest_route=\/wp\/v2\/product"}],"about":[{"href":"https:\/\/imsand.es\/index.php?rest_route=\/wp\/v2\/types\/product"}],"replies":[{"embeddable":true,"href":"https:\/\/imsand.es\/index.php?rest_route=%2Fwp%2Fv2%2Fcomments&post=100"}],"wp:featuredmedia":[{"embeddable":true,"href":"https:\/\/imsand.es\/index.php?rest_route=\/wp\/v2\/media\/113"}],"wp:attachment":[{"href":"https:\/\/imsand.es\/index.php?rest_route=%2Fwp%2Fv2%2Fmedia&parent=100"}],"wp:term":[{"taxonomy":"product_brand","embeddable":true,"href":"https:\/\/imsand.es\/index.php?rest_route=%2Fwp%2Fv2%2Fproduct_brand&post=100"},{"taxonomy":"product_cat","embeddable":true,"href":"https:\/\/imsand.es\/index.php?rest_route=%2Fwp%2Fv2%2Fproduct_cat&post=100"},{"taxonomy":"product_tag","embeddable":true,"href":"https:\/\/imsand.es\/index.php?rest_route=%2Fwp%2Fv2%2Fproduct_tag&post=100"}],"curies":[{"name":"wp","href":"https:\/\/api.w.org\/{rel}","templated":true}]}}