{"id":15,"date":"2025-01-01T12:00:00","date_gmt":"2025-01-01T12:00:00","guid":{"rendered":"https:\/\/imsand.es\/?page_id=15"},"modified":"2025-01-01T12:00:00","modified_gmt":"2025-01-01T12:00:00","slug":"financiacion-ue","status":"publish","type":"page","link":"https:\/\/imsand.es\/?page_id=15","title":{"rendered":"Financiaci\u00f3n UE"},"content":{"rendered":"<h2>Financiaci\u00f3n de la Uni\u00f3n Europea<\/h2>\n<p>El proyecto <strong>imsand.es\/<\/strong> ha recibido apoyo y financiaci\u00f3n de la Uni\u00f3n Europea en el marco de los programas de innovaci\u00f3n educativa e inclusi\u00f3n digital.<\/p>\n<h3>Sobre la financiaci\u00f3n<\/h3>\n<p>Gracias al apoyo de los fondos europeos, imsand.es\/ ha podido desarrollar una herramienta educativa accesible e innovadora que beneficia a estudiantes con necesidades educativas especiales en toda Espa\u00f1a y Europa.<\/p>\n<h3>Proyectos financiados<\/h3>\n<ul>\n<li>Desarrollo del software educativo SenseSphere<\/li>\n<li>Investigaci\u00f3n sobre neurodiversidad e inclusi\u00f3n<\/li>\n<li>Adaptaci\u00f3n de contenidos para m\u00faltiples idiomas<\/li>\n<li>Formaci\u00f3n de educadores y terapeutas<\/li>\n<\/ul>\n<p>Para m\u00e1s informaci\u00f3n sobre los programas de financiaci\u00f3n de la UE relacionados con educaci\u00f3n e innovaci\u00f3n, visite la web oficial de la Comisi\u00f3n Europea.<\/p>\n","protected":false},"excerpt":{"rendered":"<p>Informaci\u00f3n sobre financiaci\u00f3n de la UE para imsand.es\/<\/p>\n","protected":false},"author":2,"featured_media":0,"parent":0,"menu_order":2,"comment_status":"closed","ping_status":"closed","template":"","meta":{"footnotes":""},"class_list":["post-15","page","type-page","status-publish","hentry"],"yoast_head":"<!-- This site is optimized with the Yoast SEO plugin v27.6 - https:\/\/yoast.com\/product\/yoast-seo-wordpress\/ -->\n<title>Financiaci\u00f3n UE - Imsand<\/title>\n<meta name=\"robots\" content=\"index, follow, max-snippet:-1, max-image-preview:large, max-video-preview:-1\" \/>\n<link rel=\"canonical\" href=\"https:\/\/imsand.es\/?page_id=15\" \/>\n<meta property=\"og:locale\" content=\"es_ES\" \/>\n<meta property=\"og:type\" content=\"article\" \/>\n<meta property=\"og:title\" content=\"Financiaci\u00f3n UE - Imsand\" \/>\n<meta property=\"og:description\" content=\"Informaci\u00f3n sobre financiaci\u00f3n de la UE para imsand.es\/\" \/>\n<meta property=\"og:url\" content=\"https:\/\/imsand.es\/?page_id=15\" \/>\n<meta property=\"og:site_name\" content=\"Imsand\" \/>\n<meta name=\"twitter:card\" content=\"summary_large_image\" \/>\n<meta name=\"twitter:label1\" content=\"Tiempo de lectura\" \/>\n\t<meta name=\"twitter:data1\" content=\"1 minuto\" \/>\n<script type=\"application\/ld+json\" class=\"yoast-schema-graph\">{\"@context\":\"https:\\\/\\\/schema.org\",\"@graph\":[{\"@type\":\"WebPage\",\"@id\":\"https:\\\/\\\/imsand.es\\\/?page_id=15\",\"url\":\"https:\\\/\\\/imsand.es\\\/?page_id=15\",\"name\":\"Financiaci\u00f3n UE - Imsand\",\"isPartOf\":{\"@id\":\"https:\\\/\\\/imsand.es\\\/#website\"},\"datePublished\":\"2025-01-01T12:00:00+00:00\",\"breadcrumb\":{\"@id\":\"https:\\\/\\\/imsand.es\\\/?page_id=15#breadcrumb\"},\"inLanguage\":\"es\",\"potentialAction\":[{\"@type\":\"ReadAction\",\"target\":[\"https:\\\/\\\/imsand.es\\\/?page_id=15\"]}]},{\"@type\":\"BreadcrumbList\",\"@id\":\"https:\\\/\\\/imsand.es\\\/?page_id=15#breadcrumb\",\"itemListElement\":[{\"@type\":\"ListItem\",\"position\":1,\"name\":\"Portada\",\"item\":\"https:\\\/\\\/imsand.es\\\/\"},{\"@type\":\"ListItem\",\"position\":2,\"name\":\"Financiaci\u00f3n UE\"}]},{\"@type\":\"WebSite\",\"@id\":\"https:\\\/\\\/imsand.es\\\/#website\",\"url\":\"https:\\\/\\\/imsand.es\\\/\",\"name\":\"Imsand\",\"description\":\"\",\"potentialAction\":[{\"@type\":\"SearchAction\",\"target\":{\"@type\":\"EntryPoint\",\"urlTemplate\":\"https:\\\/\\\/imsand.es\\\/?s={search_term_string}\"},\"query-input\":{\"@type\":\"PropertyValueSpecification\",\"valueRequired\":true,\"valueName\":\"search_term_string\"}}],\"inLanguage\":\"es\"}]}<\/script>\n<!-- \/ Yoast SEO plugin. -->","yoast_head_json":{"title":"Financiaci\u00f3n UE - Imsand","robots":{"index":"index","follow":"follow","max-snippet":"max-snippet:-1","max-image-preview":"max-image-preview:large","max-video-preview":"max-video-preview:-1"},"canonical":"https:\/\/imsand.es\/?page_id=15","og_locale":"es_ES","og_type":"article","og_title":"Financiaci\u00f3n UE - Imsand","og_description":"Informaci\u00f3n sobre financiaci\u00f3n de la UE para imsand.es\/","og_url":"https:\/\/imsand.es\/?page_id=15","og_site_name":"Imsand","twitter_card":"summary_large_image","twitter_misc":{"Tiempo de lectura":"1 minuto"},"schema":{"@context":"https:\/\/schema.org","@graph":[{"@type":"WebPage","@id":"https:\/\/imsand.es\/?page_id=15","url":"https:\/\/imsand.es\/?page_id=15","name":"Financiaci\u00f3n UE - Imsand","isPartOf":{"@id":"https:\/\/imsand.es\/#website"},"datePublished":"2025-01-01T12:00:00+00:00","breadcrumb":{"@id":"https:\/\/imsand.es\/?page_id=15#breadcrumb"},"inLanguage":"es","potentialAction":[{"@type":"ReadAction","target":["https:\/\/imsand.es\/?page_id=15"]}]},{"@type":"BreadcrumbList","@id":"https:\/\/imsand.es\/?page_id=15#breadcrumb","itemListElement":[{"@type":"ListItem","position":1,"name":"Portada","item":"https:\/\/imsand.es\/"},{"@type":"ListItem","position":2,"name":"Financiaci\u00f3n UE"}]},{"@type":"WebSite","@id":"https:\/\/imsand.es\/#website","url":"https:\/\/imsand.es\/","name":"Imsand","description":"","potentialAction":[{"@type":"SearchAction","target":{"@type":"EntryPoint","urlTemplate":"https:\/\/imsand.es\/?s={search_term_string}"},"query-input":{"@type":"PropertyValueSpecification","valueRequired":true,"valueName":"search_term_string"}}],"inLanguage":"es"}]}},"jetpack_sharing_enabled":true,"_links":{"self":[{"href":"https:\/\/imsand.es\/index.php?rest_route=\/wp\/v2\/pages\/15","targetHints":{"allow":["GET"]}}],"collection":[{"href":"https:\/\/imsand.es\/index.php?rest_route=\/wp\/v2\/pages"}],"about":[{"href":"https:\/\/imsand.es\/index.php?rest_route=\/wp\/v2\/types\/page"}],"author":[{"embeddable":true,"href":"https:\/\/imsand.es\/index.php?rest_route=\/wp\/v2\/users\/2"}],"replies":[{"embeddable":true,"href":"https:\/\/imsand.es\/index.php?rest_route=%2Fwp%2Fv2%2Fcomments&post=15"}],"version-history":[{"count":0,"href":"https:\/\/imsand.es\/index.php?rest_route=\/wp\/v2\/pages\/15\/revisions"}],"wp:attachment":[{"href":"https:\/\/imsand.es\/index.php?rest_route=%2Fwp%2Fv2%2Fmedia&parent=15"}],"curies":[{"name":"wp","href":"https:\/\/api.w.org\/{rel}","templated":true}]}}